{"id":2036,"date":"2025-05-15T21:57:11","date_gmt":"2025-05-15T20:57:11","guid":{"rendered":"https:\/\/millanliving.com\/?page_id=2036"},"modified":"2025-05-15T22:16:50","modified_gmt":"2025-05-15T21:16:50","slug":"blog","status":"publish","type":"page","link":"https:\/\/millanliving.com\/en\/blog\/","title":{"rendered":"Blog"},"content":{"rendered":"<div data-elementor-type=\"wp-page\" data-elementor-id=\"2036\" class=\"elementor elementor-2036\" data-elementor-post-type=\"page\">\n\t\t\t\t<div data-particle_enable=\"false\" data-particle-mobile-disabled=\"false\" class=\"elementor-element elementor-element-bd2bf49 e-flex e-con-boxed e-con e-parent\" data-id=\"bd2bf49\" data-element_type=\"container\" data-settings=\"{&quot;background_background&quot;:&quot;classic&quot;}\">\n\t\t\t\t\t<div class=\"e-con-inner\">\n\t\t\t\t\t<\/div>\n\t\t\t\t<\/div>\n\t\t<div data-particle_enable=\"false\" data-particle-mobile-disabled=\"false\" class=\"elementor-element elementor-element-95c47fe e-flex e-con-boxed e-con e-parent\" data-id=\"95c47fe\" data-element_type=\"container\">\n\t\t\t\t\t<div class=\"e-con-inner\">\n\t\t<div data-particle_enable=\"false\" data-particle-mobile-disabled=\"false\" class=\"elementor-element elementor-element-832b81e e-con-full e-flex e-con e-child\" data-id=\"832b81e\" data-element_type=\"container\">\n\t\t\t\t<div class=\"elementor-element elementor-element-59646de elementor-grid-eael-col-4 elementor-grid-tablet-eael-col-2 elementor-grid-mobile-eael-col-1 elementor-widget elementor-widget-eael-post-grid\" data-id=\"59646de\" data-element_type=\"widget\" data-settings=\"{&quot;eael_post_grid_columns&quot;:&quot;eael-col-4&quot;,&quot;eael_post_grid_columns_tablet&quot;:&quot;eael-col-2&quot;,&quot;eael_post_grid_columns_mobile&quot;:&quot;eael-col-1&quot;}\" data-widget_type=\"eael-post-grid.default\">\n\t\t\t\t<div class=\"elementor-widget-container\">\n\t\t\t\t\t<div id=\"eael-post-grid-59646de\" class=\"eael-post-grid-container\">\n            <div class=\"eael-post-grid eael-post-appender eael-post-appender-59646de eael-post-grid-style-one\" data-layout-mode=\"grid\"><article class=\"eael-grid-post eael-post-grid-column\" data-id=\"790\">\n        <div class=\"eael-grid-post-holder\">\n            <div class=\"eael-grid-post-holder-inner\"><div class=\"eael-entry-media\"><div class=\"eael-entry-overlay fade-in\"><i class=\"fas fa-long-arrow-alt-right\" aria-hidden=\"true\"><\/i><a href=\"https:\/\/millanliving.com\/en\/grey-sofas\/\"><\/a><\/div><div class=\"eael-entry-thumbnail eael-image-ratio\">\n                <img fetchpriority=\"high\" decoding=\"async\" width=\"800\" height=\"412\" src=\"https:\/\/millanliving.com\/wp-content\/uploads\/2024\/01\/sofa-gris-salon-1024x527.webp\" class=\"attachment-large size-large wp-image-764\" alt=\"\" srcset=\"https:\/\/millanliving.com\/wp-content\/uploads\/2024\/01\/sofa-gris-salon-1024x527.webp 1024w, https:\/\/millanliving.com\/wp-content\/uploads\/2024\/01\/sofa-gris-salon-300x154.webp 300w, https:\/\/millanliving.com\/wp-content\/uploads\/2024\/01\/sofa-gris-salon-768x395.webp 768w, https:\/\/millanliving.com\/wp-content\/uploads\/2024\/01\/sofa-gris-salon-600x309.webp 600w, https:\/\/millanliving.com\/wp-content\/uploads\/2024\/01\/sofa-gris-salon.webp 1500w\" sizes=\"(max-width: 800px) 100vw, 800px\" \/>\n            <\/div>\n        <\/div><div class=\"eael-entry-wrapper\"><header class=\"eael-entry-header\"><h3 class=\"eael-entry-title\"><a class=\"eael-grid-post-link\" href=\"https:\/\/millanliving.com\/en\/grey-sofas\/\" title=\"Grey Sofas: The Art of Stylish Comfort\">Grey Sofas: The Art of Stylish Comfort<\/a><\/h3><\/header><div class=\"eael-entry-content\">\n                        <div class=\"eael-grid-post-excerpt\"><p>Greetings, lovers of good taste and comfort! In the fascinating world of interior design, there is one element that...<\/p><a href=\"https:\/\/millanliving.com\/en\/grey-sofas\/\" class=\"eael-post-elements-readmore-btn\">Read more<\/a><\/div>\n                    <\/div><\/div><\/div>\n        <\/div>\n    <\/article><article class=\"eael-grid-post eael-post-grid-column\" data-id=\"788\">\n        <div class=\"eael-grid-post-holder\">\n            <div class=\"eael-grid-post-holder-inner\"><div class=\"eael-entry-media\"><div class=\"eael-entry-overlay fade-in\"><i class=\"fas fa-long-arrow-alt-right\" aria-hidden=\"true\"><\/i><a href=\"https:\/\/millanliving.com\/en\/sofas-for-small-living-rooms\/\"><\/a><\/div><div class=\"eael-entry-thumbnail eael-image-ratio\">\n                <img decoding=\"async\" width=\"800\" height=\"451\" src=\"https:\/\/millanliving.com\/wp-content\/uploads\/2023\/12\/maqueta-interior-habitacion-blanca-sombras-luz-solar-sofa-blanco-mesa-baja-piedra-luz-colgante-maqueta-pared-vacia-representacion-3d-min-1024x577.jpg\" class=\"attachment-large size-large wp-image-61\" alt=\"\" srcset=\"https:\/\/millanliving.com\/wp-content\/uploads\/2023\/12\/maqueta-interior-habitacion-blanca-sombras-luz-solar-sofa-blanco-mesa-baja-piedra-luz-colgante-maqueta-pared-vacia-representacion-3d-min-1024x577.jpg 1024w, https:\/\/millanliving.com\/wp-content\/uploads\/2023\/12\/maqueta-interior-habitacion-blanca-sombras-luz-solar-sofa-blanco-mesa-baja-piedra-luz-colgante-maqueta-pared-vacia-representacion-3d-min-300x169.jpg 300w, https:\/\/millanliving.com\/wp-content\/uploads\/2023\/12\/maqueta-interior-habitacion-blanca-sombras-luz-solar-sofa-blanco-mesa-baja-piedra-luz-colgante-maqueta-pared-vacia-representacion-3d-min-768x433.jpg 768w, https:\/\/millanliving.com\/wp-content\/uploads\/2023\/12\/maqueta-interior-habitacion-blanca-sombras-luz-solar-sofa-blanco-mesa-baja-piedra-luz-colgante-maqueta-pared-vacia-representacion-3d-min-1536x865.jpg 1536w, https:\/\/millanliving.com\/wp-content\/uploads\/2023\/12\/maqueta-interior-habitacion-blanca-sombras-luz-solar-sofa-blanco-mesa-baja-piedra-luz-colgante-maqueta-pared-vacia-representacion-3d-min-2048x1154.jpg 2048w, https:\/\/millanliving.com\/wp-content\/uploads\/2023\/12\/maqueta-interior-habitacion-blanca-sombras-luz-solar-sofa-blanco-mesa-baja-piedra-luz-colgante-maqueta-pared-vacia-representacion-3d-min-600x338.jpg 600w\" sizes=\"(max-width: 800px) 100vw, 800px\" \/>\n            <\/div>\n        <\/div><div class=\"eael-entry-wrapper\"><header class=\"eael-entry-header\"><h3 class=\"eael-entry-title\"><a class=\"eael-grid-post-link\" href=\"https:\/\/millanliving.com\/en\/sofas-for-small-living-rooms\/\" title=\"Sofas for small living rooms\">Sofas for small living rooms<\/a><\/h3><\/header><div class=\"eael-entry-content\">\n                        <div class=\"eael-grid-post-excerpt\"><p>Exploring sofa options for small living rooms In the world of interior design, small living rooms pose challenges...<\/p><a href=\"https:\/\/millanliving.com\/en\/sofas-for-small-living-rooms\/\" class=\"eael-post-elements-readmore-btn\">Read more<\/a><\/div>\n                    <\/div><\/div><\/div>\n        <\/div>\n    <\/article><article class=\"eael-grid-post eael-post-grid-column\" data-id=\"783\">\n        <div class=\"eael-grid-post-holder\">\n            <div class=\"eael-grid-post-holder-inner\"><div class=\"eael-entry-media\"><div class=\"eael-entry-overlay fade-in\"><i class=\"fas fa-long-arrow-alt-right\" aria-hidden=\"true\"><\/i><a href=\"https:\/\/millanliving.com\/en\/bed-base\/\"><\/a><\/div><div class=\"eael-entry-thumbnail eael-image-ratio\">\n                <img decoding=\"async\" width=\"800\" height=\"534\" src=\"https:\/\/millanliving.com\/wp-content\/uploads\/2023\/12\/cama-doble-madera-marron-colchon-aislado-sobre-fondo-blanco-min-1024x683.jpg\" class=\"attachment-large size-large wp-image-46\" alt=\"\" srcset=\"https:\/\/millanliving.com\/wp-content\/uploads\/2023\/12\/cama-doble-madera-marron-colchon-aislado-sobre-fondo-blanco-min-1024x683.jpg 1024w, https:\/\/millanliving.com\/wp-content\/uploads\/2023\/12\/cama-doble-madera-marron-colchon-aislado-sobre-fondo-blanco-min-300x200.jpg 300w, https:\/\/millanliving.com\/wp-content\/uploads\/2023\/12\/cama-doble-madera-marron-colchon-aislado-sobre-fondo-blanco-min-768x512.jpg 768w, https:\/\/millanliving.com\/wp-content\/uploads\/2023\/12\/cama-doble-madera-marron-colchon-aislado-sobre-fondo-blanco-min-1536x1024.jpg 1536w, https:\/\/millanliving.com\/wp-content\/uploads\/2023\/12\/cama-doble-madera-marron-colchon-aislado-sobre-fondo-blanco-min-2048x1365.jpg 2048w, https:\/\/millanliving.com\/wp-content\/uploads\/2023\/12\/cama-doble-madera-marron-colchon-aislado-sobre-fondo-blanco-min-600x400.jpg 600w\" sizes=\"(max-width: 800px) 100vw, 800px\" \/>\n            <\/div>\n        <\/div><div class=\"eael-entry-wrapper\"><header class=\"eael-entry-header\"><h3 class=\"eael-entry-title\"><a class=\"eael-grid-post-link\" href=\"https:\/\/millanliving.com\/en\/bed-base\/\" title=\"How to choose the perfect bed base for an unrivalled rest\">How to choose the perfect bed base for an unrivalled rest<\/a><\/h3><\/header><div class=\"eael-entry-content\">\n                        <div class=\"eael-grid-post-excerpt\"><p>The perfect night's sleep depends not only on the mattress you choose, but also on the base on which it rests: the...<\/p><a href=\"https:\/\/millanliving.com\/en\/bed-base\/\" class=\"eael-post-elements-readmore-btn\">Read more<\/a><\/div>\n                    <\/div><\/div><\/div>\n        <\/div>\n    <\/article><article class=\"eael-grid-post eael-post-grid-column\" data-id=\"779\">\n        <div class=\"eael-grid-post-holder\">\n            <div class=\"eael-grid-post-holder-inner\"><div class=\"eael-entry-media\"><div class=\"eael-entry-overlay fade-in\"><i class=\"fas fa-long-arrow-alt-right\" aria-hidden=\"true\"><\/i><a href=\"https:\/\/millanliving.com\/en\/how-to-remove-stains-from-mattresses\/\"><\/a><\/div><div class=\"eael-entry-thumbnail eael-image-ratio\">\n                <img loading=\"lazy\" decoding=\"async\" width=\"800\" height=\"534\" src=\"https:\/\/millanliving.com\/wp-content\/uploads\/2023\/12\/mujer-eligiendo-colchon-nuevo-mano-femenina-presionando-colchon-prueba-comprobar-suavidad-eleccion-colchon-comodo-dormir-tienda-control-calidad-dureza-materiales-colchon-espuma-ortopedica-min-1024x683.jpg\" class=\"attachment-large size-large wp-image-66\" alt=\"\" srcset=\"https:\/\/millanliving.com\/wp-content\/uploads\/2023\/12\/mujer-eligiendo-colchon-nuevo-mano-femenina-presionando-colchon-prueba-comprobar-suavidad-eleccion-colchon-comodo-dormir-tienda-control-calidad-dureza-materiales-colchon-espuma-ortopedica-min-1024x683.jpg 1024w, https:\/\/millanliving.com\/wp-content\/uploads\/2023\/12\/mujer-eligiendo-colchon-nuevo-mano-femenina-presionando-colchon-prueba-comprobar-suavidad-eleccion-colchon-comodo-dormir-tienda-control-calidad-dureza-materiales-colchon-espuma-ortopedica-min-300x200.jpg 300w, https:\/\/millanliving.com\/wp-content\/uploads\/2023\/12\/mujer-eligiendo-colchon-nuevo-mano-femenina-presionando-colchon-prueba-comprobar-suavidad-eleccion-colchon-comodo-dormir-tienda-control-calidad-dureza-materiales-colchon-espuma-ortopedica-min-768x512.jpg 768w, https:\/\/millanliving.com\/wp-content\/uploads\/2023\/12\/mujer-eligiendo-colchon-nuevo-mano-femenina-presionando-colchon-prueba-comprobar-suavidad-eleccion-colchon-comodo-dormir-tienda-control-calidad-dureza-materiales-colchon-espuma-ortopedica-min-1536x1024.jpg 1536w, https:\/\/millanliving.com\/wp-content\/uploads\/2023\/12\/mujer-eligiendo-colchon-nuevo-mano-femenina-presionando-colchon-prueba-comprobar-suavidad-eleccion-colchon-comodo-dormir-tienda-control-calidad-dureza-materiales-colchon-espuma-ortopedica-min-2048x1365.jpg 2048w, https:\/\/millanliving.com\/wp-content\/uploads\/2023\/12\/mujer-eligiendo-colchon-nuevo-mano-femenina-presionando-colchon-prueba-comprobar-suavidad-eleccion-colchon-comodo-dormir-tienda-control-calidad-dureza-materiales-colchon-espuma-ortopedica-min-600x400.jpg 600w\" sizes=\"(max-width: 800px) 100vw, 800px\" \/>\n            <\/div>\n        <\/div><div class=\"eael-entry-wrapper\"><header class=\"eael-entry-header\"><h3 class=\"eael-entry-title\"><a class=\"eael-grid-post-link\" href=\"https:\/\/millanliving.com\/en\/how-to-remove-stains-from-mattresses\/\" title=\"How to Remove Stains from Mattresses\">How to Remove Stains from Mattresses<\/a><\/h3><\/header><div class=\"eael-entry-content\">\n                        <div class=\"eael-grid-post-excerpt\"><p>Secrets for cleaning and keeping your mattress spotless: how to remove stains from the mattress The mattress, that faithful companion of dreams,...<\/p><a href=\"https:\/\/millanliving.com\/en\/how-to-remove-stains-from-mattresses\/\" class=\"eael-post-elements-readmore-btn\">Read more<\/a><\/div>\n                    <\/div><\/div><\/div>\n        <\/div>\n    <\/article><\/div>\n            <div class=\"clearfix\"><\/div>\n        <\/div>\t\t\t\t<\/div>\n\t\t\t\t<\/div>\n\t\t\t\t<\/div>\n\t\t\t\t\t<\/div>\n\t\t\t\t<\/div>\n\t\t\t\t<\/div>","protected":false},"excerpt":{"rendered":"<p>Sof\u00e1s Grises: El Arte de la Comodidad con Estilo \u00a1Saludos, amantes del buen gusto y la comodidad! En el fascinante mundo del dise\u00f1o de interiores, hay un elemento que&#8230; Leer m\u00e1s Sof\u00e1s para salones peque\u00f1os Explorando las opciones de sof\u00e1s para salones peque\u00f1os En el mundo del dise\u00f1o de interiores, los salones peque\u00f1os plantean desaf\u00edos&#8230; [&hellip;]<\/p>","protected":false},"author":1,"featured_media":0,"parent":0,"menu_order":0,"comment_status":"closed","ping_status":"closed","template":"","meta":{"inline_featured_image":false,"footnotes":""},"class_list":["post-2036","page","type-page","status-publish","hentry"],"_links":{"self":[{"href":"https:\/\/millanliving.com\/en\/wp-json\/wp\/v2\/pages\/2036","targetHints":{"allow":["GET"]}}],"collection":[{"href":"https:\/\/millanliving.com\/en\/wp-json\/wp\/v2\/pages"}],"about":[{"href":"https:\/\/millanliving.com\/en\/wp-json\/wp\/v2\/types\/page"}],"author":[{"embeddable":true,"href":"https:\/\/millanliving.com\/en\/wp-json\/wp\/v2\/users\/1"}],"replies":[{"embeddable":true,"href":"https:\/\/millanliving.com\/en\/wp-json\/wp\/v2\/comments?post=2036"}],"version-history":[{"count":16,"href":"https:\/\/millanliving.com\/en\/wp-json\/wp\/v2\/pages\/2036\/revisions"}],"predecessor-version":[{"id":2054,"href":"https:\/\/millanliving.com\/en\/wp-json\/wp\/v2\/pages\/2036\/revisions\/2054"}],"wp:attachment":[{"href":"https:\/\/millanliving.com\/en\/wp-json\/wp\/v2\/media?parent=2036"}],"curies":[{"name":"wp","href":"https:\/\/api.w.org\/{rel}","templated":true}]}}