{"id":1118,"date":"2024-01-25T08:50:33","date_gmt":"2024-01-25T08:50:33","guid":{"rendered":"https:\/\/millanliving.com\/sillon-ref-0077-19\/"},"modified":"2025-12-19T10:30:19","modified_gmt":"2025-12-19T09:30:19","slug":"chair-ref-0077-19","status":"publish","type":"product","link":"https:\/\/millanliving.com\/en\/chair-ref-0077-19\/","title":{"rendered":"CHRISTIE Armchair"},"content":{"rendered":"<p>[vc_row][vc_column][vc_column_text]Es una pieza bonita, c\u00f3moda y funcional, gracias a su mesa incorporada, perfecta para apoyar una taza, un libro o un ordenador port\u00e1til y poder trabajar c\u00f3modamente. Un sill\u00f3n con un dise\u00f1o modernizado cuyo respaldo y brazos siguen unas l\u00edneas curvas que lo hacen m\u00e1s atractivo y un capiton\u00e9 en el respaldo que le da un toque de modernidad.\u00a0 Este modelo ofrece una sentada recta sin dejar de lado la comodidad, gracias a su asiento de dureza media (que, adem\u00e1s, tiene opci\u00f3n desenfundable para facilitar su limpieza) y a la forma curva de su ri\u00f1onera que recoge perfectamente la parte baja de la espalda.[\/vc_column_text][\/vc_column][\/vc_row]<\/p>","protected":false},"excerpt":{"rendered":"<ul>\n<li><b>WARRANTY: <\/b><span style=\"font-weight: 400;\">3 years.<\/span><\/li>\n<li><strong>FABRIC: <\/strong>S.3<\/li>\n<\/ul>","protected":false},"featured_media":1112,"comment_status":"closed","ping_status":"closed","template":"","meta":{"inline_featured_image":false},"product_brand":[],"product_cat":[23,34],"product_tag":[],"class_list":{"0":"post-1118","1":"product","2":"type-product","3":"status-publish","4":"has-post-thumbnail","6":"product_cat-sillones","7":"product_cat-sofas-sillones","9":"first","10":"instock","11":"sale","12":"shipping-taxable","13":"purchasable","14":"product-type-simple"},"_links":{"self":[{"href":"https:\/\/millanliving.com\/en\/wp-json\/wp\/v2\/product\/1118","targetHints":{"allow":["GET"]}}],"collection":[{"href":"https:\/\/millanliving.com\/en\/wp-json\/wp\/v2\/product"}],"about":[{"href":"https:\/\/millanliving.com\/en\/wp-json\/wp\/v2\/types\/product"}],"replies":[{"embeddable":true,"href":"https:\/\/millanliving.com\/en\/wp-json\/wp\/v2\/comments?post=1118"}],"wp:featuredmedia":[{"embeddable":true,"href":"https:\/\/millanliving.com\/en\/wp-json\/wp\/v2\/media\/1112"}],"wp:attachment":[{"href":"https:\/\/millanliving.com\/en\/wp-json\/wp\/v2\/media?parent=1118"}],"wp:term":[{"taxonomy":"product_brand","embeddable":true,"href":"https:\/\/millanliving.com\/en\/wp-json\/wp\/v2\/product_brand?post=1118"},{"taxonomy":"product_cat","embeddable":true,"href":"https:\/\/millanliving.com\/en\/wp-json\/wp\/v2\/product_cat?post=1118"},{"taxonomy":"product_tag","embeddable":true,"href":"https:\/\/millanliving.com\/en\/wp-json\/wp\/v2\/product_tag?post=1118"}],"curies":[{"name":"wp","href":"https:\/\/api.w.org\/{rel}","templated":true}]}}