{"id":1151,"date":"2024-01-25T08:51:14","date_gmt":"2024-01-25T08:51:14","guid":{"rendered":"https:\/\/millanliving.com\/sillon-ref-0077-25\/"},"modified":"2025-12-19T10:40:53","modified_gmt":"2025-12-19T09:40:53","slug":"chair-ref-0077-25","status":"publish","type":"product","link":"https:\/\/millanliving.com\/en\/chair-ref-0077-25\/","title":{"rendered":"GAL\u00c1N Armchair"},"content":{"rendered":"<p>[vc_row][vc_column][vc_column_text]GAL\u00c1N es una pieza especial, distinta. Est\u00e1 dise\u00f1ado especialmente para el dormitorio, para dejar la ropa junto a la cama. Sus formas suaves y redondeadas se amoldan perfectamente a la chaqueta, camisa, vestido o pantal\u00f3n que dejemos sobre \u00e9l. El asiento oculta una sorpresa, un compartimento en su interior, pensado para dejar las zapatillas o cualquier otra prenda u objeto.[\/vc_column_text][\/vc_column][\/vc_row]<\/p>","protected":false},"excerpt":{"rendered":"<ul>\n<li><strong>FABRIC:\u00a0<\/strong>S.3<\/li>\n<li><b>WARRANTY: <\/b><span style=\"font-weight: 400;\">3 years.<\/span><\/li>\n<\/ul>","protected":false},"featured_media":1143,"comment_status":"closed","ping_status":"closed","template":"","meta":{"inline_featured_image":false},"product_brand":[],"product_cat":[23,34],"product_tag":[],"class_list":{"0":"post-1151","1":"product","2":"type-product","3":"status-publish","4":"has-post-thumbnail","6":"product_cat-sillones","7":"product_cat-sofas-sillones","9":"first","10":"instock","11":"sale","12":"shipping-taxable","13":"purchasable","14":"product-type-simple"},"_links":{"self":[{"href":"https:\/\/millanliving.com\/en\/wp-json\/wp\/v2\/product\/1151","targetHints":{"allow":["GET"]}}],"collection":[{"href":"https:\/\/millanliving.com\/en\/wp-json\/wp\/v2\/product"}],"about":[{"href":"https:\/\/millanliving.com\/en\/wp-json\/wp\/v2\/types\/product"}],"replies":[{"embeddable":true,"href":"https:\/\/millanliving.com\/en\/wp-json\/wp\/v2\/comments?post=1151"}],"wp:featuredmedia":[{"embeddable":true,"href":"https:\/\/millanliving.com\/en\/wp-json\/wp\/v2\/media\/1143"}],"wp:attachment":[{"href":"https:\/\/millanliving.com\/en\/wp-json\/wp\/v2\/media?parent=1151"}],"wp:term":[{"taxonomy":"product_brand","embeddable":true,"href":"https:\/\/millanliving.com\/en\/wp-json\/wp\/v2\/product_brand?post=1151"},{"taxonomy":"product_cat","embeddable":true,"href":"https:\/\/millanliving.com\/en\/wp-json\/wp\/v2\/product_cat?post=1151"},{"taxonomy":"product_tag","embeddable":true,"href":"https:\/\/millanliving.com\/en\/wp-json\/wp\/v2\/product_tag?post=1151"}],"curies":[{"name":"wp","href":"https:\/\/api.w.org\/{rel}","templated":true}]}}