{"id":1167,"date":"2024-01-25T08:51:35","date_gmt":"2024-01-25T08:51:35","guid":{"rendered":"https:\/\/millanliving.com\/sillon-ref-0077-28\/"},"modified":"2025-12-19T10:43:55","modified_gmt":"2025-12-19T09:43:55","slug":"chair-ref-0077-28","status":"publish","type":"product","link":"https:\/\/millanliving.com\/en\/chair-ref-0077-28\/","title":{"rendered":"HELSINKI-BED CHAIR"},"content":{"rendered":"<p>Gran comodidad, dise\u00f1o elegante y ligero.<\/p>\n<p>Dentro del modelo HELSINKI, presentamos este nuevo sill\u00f3n con mecanismo cama. Hemos conseguido mantener la gran comodidad, adem\u00e1s del dise\u00f1o elegante y ligero del You&amp;Me HELSINKI CAMA, ya que no parece un sill\u00f3n cama a simple vista. Esta nueva versi\u00f3n cama aporta un gran valor a\u00f1adido al modelo, ya que podemos alojarlo en cualquier sal\u00f3n o sala de estar y tener la opci\u00f3n de convertirlo en cama cuando lo necesitemos.<\/p>","protected":false},"excerpt":{"rendered":"<ul>\n<li><strong>MEASUREMENT:\u00a0<\/strong>116 cm<\/li>\n<li><strong>FABRIC:\u00a0<\/strong>S.3<\/li>\n<li><strong>ARMAZON:<\/strong> Carbon steel<\/li>\n<li><strong>SEAT:<\/strong> Polyurethane 35 kg + fibre (Medium Hardness)<\/li>\n<li><strong>LOOSE CUSHIONS:<\/strong> Fibersilk 100% fibre<\/li>\n<li><strong>BACKGROUND:<\/strong> Fibersilk 100% fibre<\/li>\n<li><strong>CUSHIONS INCLUDED*:<\/strong> The cushions are included in our models as shown in the technical drawing.<\/li>\n<li><strong>ROBOT HOOVER:<\/strong> Sufficient leg height to allow cleaning with a robot hoover.<\/li>\n<li><strong>SOFA BED:<\/strong> This model allows you to rest in a cardio-healthy position perfect for sleep.<\/li>\n<li><strong>WARRANTY:<\/strong>3 years.<\/li>\n<li><strong>SUSTAINABLE MANUFACTURING:<\/strong> Environmentally sustainable manufacturing in accordance with the ISO14001-2015 standard.<\/li>\n<\/ul>","protected":false},"featured_media":1152,"comment_status":"closed","ping_status":"closed","template":"","meta":{"inline_featured_image":false},"product_brand":[],"product_cat":[23,34],"product_tag":[],"class_list":{"0":"post-1167","1":"product","2":"type-product","3":"status-publish","4":"has-post-thumbnail","6":"product_cat-sillones","7":"product_cat-sofas-sillones","9":"first","10":"instock","11":"sale","12":"shipping-taxable","13":"purchasable","14":"product-type-simple"},"_links":{"self":[{"href":"https:\/\/millanliving.com\/en\/wp-json\/wp\/v2\/product\/1167","targetHints":{"allow":["GET"]}}],"collection":[{"href":"https:\/\/millanliving.com\/en\/wp-json\/wp\/v2\/product"}],"about":[{"href":"https:\/\/millanliving.com\/en\/wp-json\/wp\/v2\/types\/product"}],"replies":[{"embeddable":true,"href":"https:\/\/millanliving.com\/en\/wp-json\/wp\/v2\/comments?post=1167"}],"wp:featuredmedia":[{"embeddable":true,"href":"https:\/\/millanliving.com\/en\/wp-json\/wp\/v2\/media\/1152"}],"wp:attachment":[{"href":"https:\/\/millanliving.com\/en\/wp-json\/wp\/v2\/media?parent=1167"}],"wp:term":[{"taxonomy":"product_brand","embeddable":true,"href":"https:\/\/millanliving.com\/en\/wp-json\/wp\/v2\/product_brand?post=1167"},{"taxonomy":"product_cat","embeddable":true,"href":"https:\/\/millanliving.com\/en\/wp-json\/wp\/v2\/product_cat?post=1167"},{"taxonomy":"product_tag","embeddable":true,"href":"https:\/\/millanliving.com\/en\/wp-json\/wp\/v2\/product_tag?post=1167"}],"curies":[{"name":"wp","href":"https:\/\/api.w.org\/{rel}","templated":true}]}}