{"id":1183,"date":"2024-01-25T08:51:58","date_gmt":"2024-01-25T08:51:58","guid":{"rendered":"https:\/\/millanliving.com\/sillon-ref-0077-28-2\/"},"modified":"2025-05-28T19:34:33","modified_gmt":"2025-05-28T18:34:33","slug":"chair-ref-0077-28-2","status":"publish","type":"product","link":"https:\/\/millanliving.com\/en\/chair-ref-0077-28-2\/","title":{"rendered":"HELSINKY Armchair"},"content":{"rendered":"<p>[vc_row][vc_column][vc_column_text]HELSINKY es un sill\u00f3n de grandes dimensiones y estilo elegante. Sus formas rectas le proporcionan un dise\u00f1o atemporal que fusiona modernidad con un toque de tradici\u00f3n. Decorado con gran una cantidad de cojines que aportan una comodidad incre\u00edble.[\/vc_column_text][\/vc_column][\/vc_row]<\/p>","protected":false},"excerpt":{"rendered":"<ul>\n<li><strong>ARMAZON:<\/strong> Pine wood and board<\/li>\n<li><strong>SEAT:<\/strong> Polyurethane 35 kg + fibre (Medium Touch + Soft Touch)<\/li>\n<li><strong>BACKGROUND:<\/strong> Fibersilk 100% fibre<\/li>\n<li><strong>LOOSE CUSHIONS:<\/strong> Fibersilk 100% fibre<\/li>\n<li><strong>ROBOT HOOVER:<\/strong> Sufficient leg height to allow cleaning with a robot hoover.<\/li>\n<li><strong>CUSHIONS INCLUDED*:<\/strong> The cushions are included in our models as shown in the technical drawing.<\/li>\n<li><strong>WARRANTY:<\/strong> 3 years.<\/li>\n<\/ul>","protected":false},"featured_media":1168,"comment_status":"closed","ping_status":"closed","template":"","meta":{"inline_featured_image":false},"product_brand":[],"product_cat":[23,34],"product_tag":[],"class_list":{"0":"post-1183","1":"product","2":"type-product","3":"status-publish","4":"has-post-thumbnail","6":"product_cat-sillones","7":"product_cat-sofas-sillones","9":"first","10":"instock","11":"sale","12":"shipping-taxable","13":"purchasable","14":"product-type-simple"},"_links":{"self":[{"href":"https:\/\/millanliving.com\/en\/wp-json\/wp\/v2\/product\/1183","targetHints":{"allow":["GET"]}}],"collection":[{"href":"https:\/\/millanliving.com\/en\/wp-json\/wp\/v2\/product"}],"about":[{"href":"https:\/\/millanliving.com\/en\/wp-json\/wp\/v2\/types\/product"}],"replies":[{"embeddable":true,"href":"https:\/\/millanliving.com\/en\/wp-json\/wp\/v2\/comments?post=1183"}],"wp:featuredmedia":[{"embeddable":true,"href":"https:\/\/millanliving.com\/en\/wp-json\/wp\/v2\/media\/1168"}],"wp:attachment":[{"href":"https:\/\/millanliving.com\/en\/wp-json\/wp\/v2\/media?parent=1183"}],"wp:term":[{"taxonomy":"product_brand","embeddable":true,"href":"https:\/\/millanliving.com\/en\/wp-json\/wp\/v2\/product_brand?post=1183"},{"taxonomy":"product_cat","embeddable":true,"href":"https:\/\/millanliving.com\/en\/wp-json\/wp\/v2\/product_cat?post=1183"},{"taxonomy":"product_tag","embeddable":true,"href":"https:\/\/millanliving.com\/en\/wp-json\/wp\/v2\/product_tag?post=1183"}],"curies":[{"name":"wp","href":"https:\/\/api.w.org\/{rel}","templated":true}]}}