{"id":1209,"date":"2024-01-25T08:52:36","date_gmt":"2024-01-25T08:52:36","guid":{"rendered":"https:\/\/millanliving.com\/sillon-ref-0077-32\/"},"modified":"2025-12-19T09:29:05","modified_gmt":"2025-12-19T08:29:05","slug":"chair-ref-0077-32","status":"publish","type":"product","link":"https:\/\/millanliving.com\/en\/chair-ref-0077-32\/","title":{"rendered":"Kangou Armchair"},"content":{"rendered":"<p>[vc_row][vc_column][vc_column_text]Con su dise\u00f1o ergon\u00f3mico inspirado en la mecedora tradicional, 0077.32 es un moderno sill\u00f3n balanc\u00edn creado espec\u00edficamente para sacarle el mayor partido a la experiencia del descanso. No te imaginas lo c\u00f3modo que es hasta que lo pruebas. La cabecerilla ajustable y el coj\u00edn ri\u00f1onera contribuyen a su gran confort. El complemento perfecto es el puff a juego, que lo convierte casi en un chaisse longue. El pie balanc\u00edn incluye un sistema de bloqueo en madera para frenar el balanceo a voluntad. Adem\u00e1s, est\u00e1 disponible con base giratoria.[\/vc_column_text][\/vc_column][\/vc_row]<\/p>","protected":false},"excerpt":{"rendered":"<ul>\n<li><strong>ARMAZON:<\/strong> Metallic<\/li>\n<li><strong>SEAT:<\/strong> Polyurethane 35 kg + fibre (Medium Touch + Soft Touch)<\/li>\n<li><strong>LOOSE CUSHIONS:<\/strong> Fibersilk 100% fibre<\/li>\n<li><strong>SWIVELING:<\/strong> This model has a 180\u00b0 swivel foot.<\/li>\n<li><strong>BALANCIN<\/strong><\/li>\n<li><strong>ROBOT HOOVER:<\/strong> Sufficient leg height to allow cleaning with a robot hoover.<\/li>\n<li><strong>SKIN:<\/strong> Supports leather upholstery<\/li>\n<li><strong>FABRIC:\u00a0<\/strong>S.3<\/li>\n<li><strong>WARRANTY:<\/strong> 3 years.<\/li>\n<li><strong>SUSTAINABLE MANUFACTURING:<\/strong> Environmentally sustainable manufacturing in accordance with the ISO14001-2015 standard.<\/li>\n<\/ul>","protected":false},"featured_media":1184,"comment_status":"closed","ping_status":"closed","template":"","meta":{"inline_featured_image":false},"product_brand":[],"product_cat":[23,34],"product_tag":[],"class_list":{"0":"post-1209","1":"product","2":"type-product","3":"status-publish","4":"has-post-thumbnail","6":"product_cat-sillones","7":"product_cat-sofas-sillones","9":"first","10":"instock","11":"shipping-taxable","12":"purchasable","13":"product-type-simple"},"_links":{"self":[{"href":"https:\/\/millanliving.com\/en\/wp-json\/wp\/v2\/product\/1209","targetHints":{"allow":["GET"]}}],"collection":[{"href":"https:\/\/millanliving.com\/en\/wp-json\/wp\/v2\/product"}],"about":[{"href":"https:\/\/millanliving.com\/en\/wp-json\/wp\/v2\/types\/product"}],"replies":[{"embeddable":true,"href":"https:\/\/millanliving.com\/en\/wp-json\/wp\/v2\/comments?post=1209"}],"wp:featuredmedia":[{"embeddable":true,"href":"https:\/\/millanliving.com\/en\/wp-json\/wp\/v2\/media\/1184"}],"wp:attachment":[{"href":"https:\/\/millanliving.com\/en\/wp-json\/wp\/v2\/media?parent=1209"}],"wp:term":[{"taxonomy":"product_brand","embeddable":true,"href":"https:\/\/millanliving.com\/en\/wp-json\/wp\/v2\/product_brand?post=1209"},{"taxonomy":"product_cat","embeddable":true,"href":"https:\/\/millanliving.com\/en\/wp-json\/wp\/v2\/product_cat?post=1209"},{"taxonomy":"product_tag","embeddable":true,"href":"https:\/\/millanliving.com\/en\/wp-json\/wp\/v2\/product_tag?post=1209"}],"curies":[{"name":"wp","href":"https:\/\/api.w.org\/{rel}","templated":true}]}}