{"id":1549,"date":"2024-01-25T09:00:22","date_gmt":"2024-01-25T09:00:22","guid":{"rendered":"https:\/\/millanliving.com\/sofa-2-plazas-ref-0077-11\/"},"modified":"2025-12-19T10:10:18","modified_gmt":"2025-12-19T09:10:18","slug":"2-seater-sofa-ref-0077-11","status":"publish","type":"product","link":"https:\/\/millanliving.com\/en\/2-seater-sofa-ref-0077-11\/","title":{"rendered":"\u00c1VALON Sofa (2 seater fixed)"},"content":{"rendered":"<p>\u00c1VALON es un nuevo programa modular relax que huye del dise\u00f1o convencional de cabezal bajo abatible. En contra de estas tendencias mayoritarias que impone el mercado, optamos por crear un respaldo de generosas dimensiones al que dotamos de un nuevo capiton\u00e9 inspirado en los respaldos de rombos de los a\u00f1os 70. Este respaldo, junto al dise\u00f1o de los brazos y su pata de 12 cm, convierte a Avalon en un modelo distinto con una gran personalidad.<\/p>\n<p>Pero quiz\u00e1s donde reside su mayor valor es en la comodidad. Es dif\u00edcil, si no imposible, encontrar en el mercado un sof\u00e1 relax que ofrezca una mayor comodidad que \u00c1VALON, c\u00f3modo tanto para personas muy altas o bajas. Abierto se convierte casi en una cama de generosas dimensiones.<\/p>\n<p>Disponible en gran variedad de tapizados antimanchas estampados y lisos. FAMA marca exclusiva del Grupo Mill\u00e1n.<\/p>\n<p>Precio sujeto a cambio por personalizaci\u00f3n, medida y tapicer\u00eda.<\/p>\n<h3>Measures<\/h3>\n<ul>\n<li>Width: 152 cm<\/li>\n<li>Depth: 95 cm<\/li>\n<li>Legs: 12 cm<\/li>\n<\/ul>\n<h3>Series 0077.11 also available in<\/h3>\n<ul>\n<li>3 seater sofa<\/li>\n<li>2 seater sofa<\/li>\n<li>Chaise Longue<\/li>\n<li>Corner<\/li>\n<li>Modular<\/li>\n<li>Sofa bed<\/li>\n<li>Armchair<\/li>\n<li>Manufacture in special sizes<\/li>\n<\/ul>\n<h3>Funding<\/h3>\n<ul>\n<li>Interest-free financing up to 24 months<\/li>\n<\/ul>\n<h3>Guarantee<\/h3>\n<ul>\n<li>3 years<\/li>\n<\/ul>","protected":false},"excerpt":{"rendered":"<ul>\n<li>Price indicated for fixed option and upholstery series 3<\/li>\n<li>High backrest height<\/li>\n<li>Includes decorative cushions<\/li>\n<li>Removable<\/li>\n<li>Also available in electric relax option<\/li>\n<\/ul>\n<p><a href=\"https:\/\/youtu.be\/y-sJmhPbw0k\" target=\"_blank\" rel=\"noopener\">View product video<\/a><\/p>","protected":false},"featured_media":1548,"comment_status":"closed","ping_status":"closed","template":"","meta":{"inline_featured_image":false},"product_brand":[],"product_cat":[22,34],"product_tag":[],"class_list":{"0":"post-1549","1":"product","2":"type-product","3":"status-publish","4":"has-post-thumbnail","6":"product_cat-sofas","7":"product_cat-sofas-sillones","9":"first","10":"instock","11":"sale","12":"shipping-taxable","13":"purchasable","14":"product-type-simple"},"_links":{"self":[{"href":"https:\/\/millanliving.com\/en\/wp-json\/wp\/v2\/product\/1549","targetHints":{"allow":["GET"]}}],"collection":[{"href":"https:\/\/millanliving.com\/en\/wp-json\/wp\/v2\/product"}],"about":[{"href":"https:\/\/millanliving.com\/en\/wp-json\/wp\/v2\/types\/product"}],"replies":[{"embeddable":true,"href":"https:\/\/millanliving.com\/en\/wp-json\/wp\/v2\/comments?post=1549"}],"wp:featuredmedia":[{"embeddable":true,"href":"https:\/\/millanliving.com\/en\/wp-json\/wp\/v2\/media\/1548"}],"wp:attachment":[{"href":"https:\/\/millanliving.com\/en\/wp-json\/wp\/v2\/media?parent=1549"}],"wp:term":[{"taxonomy":"product_brand","embeddable":true,"href":"https:\/\/millanliving.com\/en\/wp-json\/wp\/v2\/product_brand?post=1549"},{"taxonomy":"product_cat","embeddable":true,"href":"https:\/\/millanliving.com\/en\/wp-json\/wp\/v2\/product_cat?post=1549"},{"taxonomy":"product_tag","embeddable":true,"href":"https:\/\/millanliving.com\/en\/wp-json\/wp\/v2\/product_tag?post=1549"}],"curies":[{"name":"wp","href":"https:\/\/api.w.org\/{rel}","templated":true}]}}