{"id":1657,"date":"2024-01-25T09:03:07","date_gmt":"2024-01-25T09:03:07","guid":{"rendered":"https:\/\/millanliving.com\/?post_type=product&#038;p=1657"},"modified":"2026-02-06T19:12:05","modified_gmt":"2026-02-06T18:12:05","slug":"sofa-arianne-love","status":"publish","type":"product","link":"https:\/\/millanliving.com\/en\/sofa-arianne-love\/","title":{"rendered":"Modular Arianne Love"},"content":{"rendered":"<p>Naci\u00f3 como un nuevo concepto de modular que recuperaba el esp\u00edritu de los a\u00f1os 60. Basado en el concepto de m\u00f3dulos independientes, de sentada baja y gran comodidad, Arianne Love ofrece una amplia gama de opciones: m\u00f3dulos rectos, chaisse longue, puffs rectos, m\u00f3dulos curvos, puffs redondos, dos m\u00f3dulos de rinc\u00f3n diferentes, y mesas con tapa elevable y arc\u00f3n.<\/p>\n<p>Su acabado estilo capiton\u00e9 en asiento y respaldo contribuye a su gran comodidad, a la vez que le aporta un look atractivo y pr\u00e1ctico, libre de arrugas. Este programa modular cuenta con varios sillones que se adaptan perfectamente en cualquier combinaci\u00f3n: MyNexus y Zoe, as\u00ed como los puffs con respaldo Zipi y Zape. Este atractivo modelo nos permite crear la combinaci\u00f3n perfecta para nuestro hogar, mezclando distintos colores y estampados hasta conseguir un sof\u00e1 totalmente personalizado.<\/p>\n<p>Producto fabricado en Espa\u00f1a con garant\u00eda de por vida en la estructura, 10 a\u00f1os en la suspensi\u00f3n y 2 a\u00f1os en la espumaci\u00f3n. Gran variedad de tapizados antimanchas estampados y lisos. FAMA marca exclusiva del Grupo Mill\u00e1n.<\/p>\n<h3>Measurements of each individual module<\/h3>\n<ul>\n<li>Height: 80 cms<\/li>\n<li>Depth: 100 cms<\/li>\n<li>Seat height: 33 cms<\/li>\n<li>Backrest height: 55 cms<\/li>\n<li>Legs: 3 cm<\/li>\n<\/ul>\n<h3>ARIANNE LOVE series available in<\/h3>\n<ul>\n<li>Chaise Longue<\/li>\n<li>Corner<\/li>\n<li>Modular<\/li>\n<li>Manufacture in special sizes<\/li>\n<\/ul>\n<h3>Funding<\/h3>\n<ul>\n<li>Interest-free financing up to 24 months<\/li>\n<\/ul>\n<h3>Guarantee<\/h3>\n<ul>\n<li>Rest of sofa 3 years<\/li>\n<\/ul>","protected":false},"excerpt":{"rendered":"<ul>\n<li>Price indicated per module and upholstery in series 3<\/li>\n<li>Modular and customisable design sofa by Fama Sof\u00e1s. Choose the number of modules, their shape and the type of upholstery.<\/li>\n<li>Puff not included in the price<\/li>\n<\/ul>","protected":false},"featured_media":3464,"comment_status":"closed","ping_status":"closed","template":"","meta":{"inline_featured_image":false},"product_brand":[],"product_cat":[54,49,22,34],"product_tag":[],"class_list":{"0":"post-1657","1":"product","2":"type-product","3":"status-publish","4":"has-post-thumbnail","6":"product_cat-chaiselonge","7":"product_cat-rinconera","8":"product_cat-sofas","9":"product_cat-sofas-sillones","11":"first","12":"instock","13":"sale","14":"shipping-taxable","15":"purchasable","16":"product-type-variable"},"_links":{"self":[{"href":"https:\/\/millanliving.com\/en\/wp-json\/wp\/v2\/product\/1657","targetHints":{"allow":["GET"]}}],"collection":[{"href":"https:\/\/millanliving.com\/en\/wp-json\/wp\/v2\/product"}],"about":[{"href":"https:\/\/millanliving.com\/en\/wp-json\/wp\/v2\/types\/product"}],"replies":[{"embeddable":true,"href":"https:\/\/millanliving.com\/en\/wp-json\/wp\/v2\/comments?post=1657"}],"wp:featuredmedia":[{"embeddable":true,"href":"https:\/\/millanliving.com\/en\/wp-json\/wp\/v2\/media\/3464"}],"wp:attachment":[{"href":"https:\/\/millanliving.com\/en\/wp-json\/wp\/v2\/media?parent=1657"}],"wp:term":[{"taxonomy":"product_brand","embeddable":true,"href":"https:\/\/millanliving.com\/en\/wp-json\/wp\/v2\/product_brand?post=1657"},{"taxonomy":"product_cat","embeddable":true,"href":"https:\/\/millanliving.com\/en\/wp-json\/wp\/v2\/product_cat?post=1657"},{"taxonomy":"product_tag","embeddable":true,"href":"https:\/\/millanliving.com\/en\/wp-json\/wp\/v2\/product_tag?post=1657"}],"curies":[{"name":"wp","href":"https:\/\/api.w.org\/{rel}","templated":true}]}}