{"id":1659,"date":"2024-01-25T09:03:08","date_gmt":"2024-01-25T09:03:08","guid":{"rendered":"https:\/\/millanliving.com\/?post_type=product&#038;p=1659"},"modified":"2026-02-06T19:21:08","modified_gmt":"2026-02-06T18:21:08","slug":"sofa-manacor","status":"publish","type":"product","link":"https:\/\/millanliving.com\/en\/sofa-manacor\/","title":{"rendered":"Manacor Sofa"},"content":{"rendered":"<p>El modelo Manacor es un sof\u00e1 modular para disfrutarlo. Gracias a sus respaldos multiposicionales podemos dar con la postura que adoptamos en los diferentes momentos de d\u00eda. Es sorprendente c\u00f3mo un sistema tan sencillo puede aportar tanta felicidad a la hora de disfrutarlo en casa.<\/p>\n<p>Existen varias medidas de m\u00f3dulos y de puffs con las que podemos crear la composici\u00f3n que m\u00e1s se adapte a nuestras necesidades. Otra de las grandes ventajas de Manacor es que es perfecto para separar la zona del comedor de la sala de estar, desde cualquier \u00e1ngulo sus terminaciones son impecables.<\/p>\n<p>Las almohadas de respaldo no van sujetas, se pueden quitar y poner donde se quiera y como se quiera, hasta obtener la postura deseada. Es un dise\u00f1o para vivirlo, por comodidad y funcionalidad es un \u00e9xito seguro.<\/p>\n<p>Precio sujeto a cambio por personalizaci\u00f3n, medida y tapicer\u00eda<\/p>\n<h3 class=\"fusion-responsive-typography-calculated\" data-fontsize=\"18\" data-lineheight=\"27px\">MANACOR series also available in<\/h3>\n<ul>\n<li>3 seater sofa<\/li>\n<li>Chaise Longue<\/li>\n<li>Manufacture in special sizes<\/li>\n<\/ul>\n<h3 class=\"fusion-responsive-typography-calculated\" data-fontsize=\"18\" data-lineheight=\"27px\">Funding<\/h3>\n<ul>\n<li>Interest-free financing up to 24 months<\/li>\n<\/ul>\n<h3>Guarantee<\/h3>\n<ul>\n<li>Rest of sofa 3 years<\/li>\n<\/ul>","protected":false},"excerpt":{"rendered":"<ul>\n<li>Price shown corresponds to the composition of the image with upholstery series 4 without pouffe.<\/li>\n<li>This composition consists of two different modules and its measurements are:\n<ul>\n<li>Total width: 275 cm<\/li>\n<li>Chaise longue length: 175 cm<\/li>\n<\/ul>\n<\/li>\n<li>Includes decorative cushions<\/li>\n<li>Fabric S.3<\/li>\n<li>Removable<\/li>\n<\/ul>","protected":false},"featured_media":3478,"comment_status":"closed","ping_status":"closed","template":"","meta":{"inline_featured_image":false},"product_brand":[],"product_cat":[22,34],"product_tag":[],"class_list":{"0":"post-1659","1":"product","2":"type-product","3":"status-publish","4":"has-post-thumbnail","6":"product_cat-sofas","7":"product_cat-sofas-sillones","9":"first","10":"instock","11":"shipping-taxable","12":"product-type-variable"},"_links":{"self":[{"href":"https:\/\/millanliving.com\/en\/wp-json\/wp\/v2\/product\/1659","targetHints":{"allow":["GET"]}}],"collection":[{"href":"https:\/\/millanliving.com\/en\/wp-json\/wp\/v2\/product"}],"about":[{"href":"https:\/\/millanliving.com\/en\/wp-json\/wp\/v2\/types\/product"}],"replies":[{"embeddable":true,"href":"https:\/\/millanliving.com\/en\/wp-json\/wp\/v2\/comments?post=1659"}],"wp:featuredmedia":[{"embeddable":true,"href":"https:\/\/millanliving.com\/en\/wp-json\/wp\/v2\/media\/3478"}],"wp:attachment":[{"href":"https:\/\/millanliving.com\/en\/wp-json\/wp\/v2\/media?parent=1659"}],"wp:term":[{"taxonomy":"product_brand","embeddable":true,"href":"https:\/\/millanliving.com\/en\/wp-json\/wp\/v2\/product_brand?post=1659"},{"taxonomy":"product_cat","embeddable":true,"href":"https:\/\/millanliving.com\/en\/wp-json\/wp\/v2\/product_cat?post=1659"},{"taxonomy":"product_tag","embeddable":true,"href":"https:\/\/millanliving.com\/en\/wp-json\/wp\/v2\/product_tag?post=1659"}],"curies":[{"name":"wp","href":"https:\/\/api.w.org\/{rel}","templated":true}]}}