{"id":1894,"date":"2025-03-28T13:28:02","date_gmt":"2025-03-28T12:28:02","guid":{"rendered":"https:\/\/millanliving.com\/?post_type=product&#038;p=1894"},"modified":"2026-01-02T19:09:28","modified_gmt":"2026-01-02T18:09:28","slug":"sofa-arte","status":"publish","type":"product","link":"https:\/\/millanliving.com\/en\/sofa-arte\/","title":{"rendered":"Arte Sofa"},"content":{"rendered":"<p><span data-sheets-root=\"1\">FOR THOSE WHO WANT IT ALL, SOFA, EXTENDABLE SOFA and EVEN BED!<\/span><\/p>\n<p><span data-sheets-root=\"1\">SLIDING SEATS WITH CARRIAGE, to guarantee not only maximum comfort thanks to the possibility of extending the seats of your sofa to turn it into a bed. In addition, stability and firmness are guaranteed as the sliding seat system always rests on the floor, so that stability, durability and comfort are GUARANTEED:<\/span><\/p>\n<p><span data-sheets-root=\"1\">MEDIDAS DE LARGO 180 &#8211; 200 &#8211; 220 &#8211; 240 &#8211; 270 &#8211; 300 \u00a0Cm, FONDO DE 110 Cm Y ALTURA DE 108 Cm<\/span><\/p>","protected":false},"excerpt":{"rendered":"<p>PARA QUIENES LO QUIEREN TODO, SOF\u00c1, SOF\u00c1 EXTENSIBLE y \u00a1HASTA CAMA!: ASIENTOS DESLIZANTES CON CARRO, para garantizar, no s\u00f3lo el m\u00e1ximo confort gracias a la posibilidad de extender los asientos de su sof\u00e1 hasta convertirlo incluso en una cama. Adem\u00e1s se garantiza la estabilidad y la firmeza ya que elle sistema de asiento deslizante, apoya [&hellip;]<\/p>","protected":false},"featured_media":1901,"comment_status":"closed","ping_status":"closed","template":"","meta":{"inline_featured_image":false},"product_brand":[],"product_cat":[34,22],"product_tag":[],"class_list":{"0":"post-1894","1":"product","2":"type-product","3":"status-publish","4":"has-post-thumbnail","6":"product_cat-sofas-sillones","7":"product_cat-sofas","9":"first","10":"instock","11":"sale","12":"shipping-taxable","13":"purchasable","14":"product-type-variable"},"_links":{"self":[{"href":"https:\/\/millanliving.com\/en\/wp-json\/wp\/v2\/product\/1894","targetHints":{"allow":["GET"]}}],"collection":[{"href":"https:\/\/millanliving.com\/en\/wp-json\/wp\/v2\/product"}],"about":[{"href":"https:\/\/millanliving.com\/en\/wp-json\/wp\/v2\/types\/product"}],"replies":[{"embeddable":true,"href":"https:\/\/millanliving.com\/en\/wp-json\/wp\/v2\/comments?post=1894"}],"wp:featuredmedia":[{"embeddable":true,"href":"https:\/\/millanliving.com\/en\/wp-json\/wp\/v2\/media\/1901"}],"wp:attachment":[{"href":"https:\/\/millanliving.com\/en\/wp-json\/wp\/v2\/media?parent=1894"}],"wp:term":[{"taxonomy":"product_brand","embeddable":true,"href":"https:\/\/millanliving.com\/en\/wp-json\/wp\/v2\/product_brand?post=1894"},{"taxonomy":"product_cat","embeddable":true,"href":"https:\/\/millanliving.com\/en\/wp-json\/wp\/v2\/product_cat?post=1894"},{"taxonomy":"product_tag","embeddable":true,"href":"https:\/\/millanliving.com\/en\/wp-json\/wp\/v2\/product_tag?post=1894"}],"curies":[{"name":"wp","href":"https:\/\/api.w.org\/{rel}","templated":true}]}}