{"id":2451,"date":"2025-06-25T17:42:38","date_gmt":"2025-06-25T16:42:38","guid":{"rendered":"https:\/\/millanliving.com\/?post_type=product&#038;p=2451"},"modified":"2025-11-24T14:37:57","modified_gmt":"2025-11-24T13:37:57","slug":"triana-headboard","status":"publish","type":"product","link":"https:\/\/millanliving.com\/en\/triana-headboard\/","title":{"rendered":"Triana headboard"},"content":{"rendered":"<p>Cabezal tapizado de estilo moderno a la par que vintage, disponible en varios tapizados diferentes. TAPIZADO ROMER ARENA, disponible en otro colores y tapizados. Posibilidad de combinar con mesitas de esta web de todos los estilos. Mobiliario moderno o vintage.<\/p>\n<p>Desenfundable para facilitar la limpieza del tejido y mantener el cabecero siempre en perfectas condiciones. Adem\u00e1s, es totalmente combinable con nuestros canap\u00e9s tapizados, permitiendo crear un conjunto armonioso y est\u00e9tico en el dormitorio.<\/p>\n<ul>\n<li><b>WARRANTY: <\/b><span style=\"font-weight: 400;\">3 years.<br \/>\n<\/span><\/li>\n<li><strong>Available sizes:<\/strong> 90, 135 and 150 cm<\/li>\n<\/ul>","protected":false},"excerpt":{"rendered":"<p>The TRIANA headboard incorporates an anti-mite upholstery designed to promote comfort and well-being in the bedroom. Its balanced design brings a touch of sophistication and a feeling of warmth, creating an elegant and cosy atmosphere that enhances the aesthetics of the room.<\/p>","protected":false},"featured_media":2452,"comment_status":"closed","ping_status":"closed","template":"","meta":{"inline_featured_image":false},"product_brand":[],"product_cat":[55,61,39],"product_tag":[],"class_list":{"0":"post-2451","1":"product","2":"type-product","3":"status-publish","4":"has-post-thumbnail","6":"product_cat-accesorios","7":"product_cat-black-friday","8":"product_cat-promociones","10":"first","11":"instock","12":"sale","13":"shipping-taxable","14":"purchasable","15":"product-type-variable"},"_links":{"self":[{"href":"https:\/\/millanliving.com\/en\/wp-json\/wp\/v2\/product\/2451","targetHints":{"allow":["GET"]}}],"collection":[{"href":"https:\/\/millanliving.com\/en\/wp-json\/wp\/v2\/product"}],"about":[{"href":"https:\/\/millanliving.com\/en\/wp-json\/wp\/v2\/types\/product"}],"replies":[{"embeddable":true,"href":"https:\/\/millanliving.com\/en\/wp-json\/wp\/v2\/comments?post=2451"}],"wp:featuredmedia":[{"embeddable":true,"href":"https:\/\/millanliving.com\/en\/wp-json\/wp\/v2\/media\/2452"}],"wp:attachment":[{"href":"https:\/\/millanliving.com\/en\/wp-json\/wp\/v2\/media?parent=2451"}],"wp:term":[{"taxonomy":"product_brand","embeddable":true,"href":"https:\/\/millanliving.com\/en\/wp-json\/wp\/v2\/product_brand?post=2451"},{"taxonomy":"product_cat","embeddable":true,"href":"https:\/\/millanliving.com\/en\/wp-json\/wp\/v2\/product_cat?post=2451"},{"taxonomy":"product_tag","embeddable":true,"href":"https:\/\/millanliving.com\/en\/wp-json\/wp\/v2\/product_tag?post=2451"}],"curies":[{"name":"wp","href":"https:\/\/api.w.org\/{rel}","templated":true}]}}