{"id":2455,"date":"2025-06-25T17:47:00","date_gmt":"2025-06-25T16:47:00","guid":{"rendered":"https:\/\/millanliving.com\/?post_type=product&#038;p=2455"},"modified":"2026-01-22T10:38:15","modified_gmt":"2026-01-22T09:38:15","slug":"canape-olimpia","status":"publish","type":"product","link":"https:\/\/millanliving.com\/en\/canape-olimpia\/","title":{"rendered":"Olimpia canap\u00e9"},"content":{"rendered":"<p>Storage base with wooden chest and legs in natural wood, and available in several shades of eco-wood. It incorporates an upholstered cover in ecru 3D fabric and a handle also in natural wood, offering a balanced, resistant set with a warm and modern aesthetic.<\/p>\n<ul>\n<li>Chest thickness 5 cm.<\/li>\n<li>Total height: 34.5 cm<\/li>\n<li>Internal capacity 16 cm<\/li>\n<li>Upholstery s.1<\/li>\n<li>Multi-perforated board.<\/li>\n<li>Non-slip fabric.<\/li>\n<li>Wooden handle<\/li>\n<li>Wooden legs<\/li>\n<li><b>WARRANTY: <\/b><span style=\"font-weight: 400;\">3 years.<br \/>\n<\/span><\/li>\n<li><strong>Available sizes:<\/strong> 90\u00d7180 | 90\u00d7190 | 90\u00d7200 | 105\u00d7180 | 105\u00d7190 | 105\u00d7200 | 135\u00d7180 | 135\u00d7190 | 135\u00d7200 | 140\u00d7180 | 140\u00d7190 | 140\u00d7200 | 150\u00d7180 | 150\u00d7190 | 150\u00d7200 | 160\u00d7180 | 160\u00d7190 | 160\u00d7200 | 180\u00d7180 | 180\u00d7190 | 180\u00d7200 | 200\u00d7180 | 200\u00d7190 | 200\u00d7200<\/li>\n<\/ul>","protected":false},"excerpt":{"rendered":"<p>The Olimpia sofa incorporates an anti-dust mite upholstery designed to offer greater comfort and well-being. Its aesthetic combines balanced lines and a warm finish that adds a touch of sophistication to the bedroom, creating an elegant and cosy atmosphere.<\/p>","protected":false},"featured_media":2452,"comment_status":"closed","ping_status":"closed","template":"","meta":{"inline_featured_image":false},"product_brand":[],"product_cat":[55,61,24],"product_tag":[],"class_list":{"0":"post-2455","1":"product","2":"type-product","3":"status-publish","4":"has-post-thumbnail","6":"product_cat-accesorios","7":"product_cat-black-friday","8":"product_cat-colchones-y-bases","10":"first","11":"instock","12":"sale","13":"shipping-taxable","14":"purchasable","15":"product-type-variable"},"_links":{"self":[{"href":"https:\/\/millanliving.com\/en\/wp-json\/wp\/v2\/product\/2455","targetHints":{"allow":["GET"]}}],"collection":[{"href":"https:\/\/millanliving.com\/en\/wp-json\/wp\/v2\/product"}],"about":[{"href":"https:\/\/millanliving.com\/en\/wp-json\/wp\/v2\/types\/product"}],"replies":[{"embeddable":true,"href":"https:\/\/millanliving.com\/en\/wp-json\/wp\/v2\/comments?post=2455"}],"wp:featuredmedia":[{"embeddable":true,"href":"https:\/\/millanliving.com\/en\/wp-json\/wp\/v2\/media\/2452"}],"wp:attachment":[{"href":"https:\/\/millanliving.com\/en\/wp-json\/wp\/v2\/media?parent=2455"}],"wp:term":[{"taxonomy":"product_brand","embeddable":true,"href":"https:\/\/millanliving.com\/en\/wp-json\/wp\/v2\/product_brand?post=2455"},{"taxonomy":"product_cat","embeddable":true,"href":"https:\/\/millanliving.com\/en\/wp-json\/wp\/v2\/product_cat?post=2455"},{"taxonomy":"product_tag","embeddable":true,"href":"https:\/\/millanliving.com\/en\/wp-json\/wp\/v2\/product_tag?post=2455"}],"curies":[{"name":"wp","href":"https:\/\/api.w.org\/{rel}","templated":true}]}}