{"id":3486,"date":"2026-02-06T19:38:45","date_gmt":"2026-02-06T18:38:45","guid":{"rendered":"https:\/\/millanliving.com\/?post_type=product&#038;p=3486"},"modified":"2026-02-06T20:11:40","modified_gmt":"2026-02-06T19:11:40","slug":"sofa-teseo","status":"publish","type":"product","link":"https:\/\/millanliving.com\/en\/sofa-teseo\/","title":{"rendered":"Teseo Sofa"},"content":{"rendered":"<p>El modelo Teseo es un sof\u00e1 modular para disfrutarlo. Su l\u00ednea sencilla y moderna, con su sentada nube, proporciona una comodidad muy superior.<\/p>\n<p>tiene dos versiones de sentada: basic y premium. Permite crear m\u00faltiples composiciones para adaptarse a tu espacio. Suspensi\u00f3n de asientos de muelles premium. Asiento de 35kg de poliuretano + fibra de poli\u00e9ster desenfundable.<\/p>\n<p>Existen varias medidas de m\u00f3dulos y de puffs con las que podemos crear la composici\u00f3n que m\u00e1s se adapte a nuestras necesidades. Otra de las grandes ventajas de Teseo es que es perfecto para separar la zona del comedor de la sala de estar, desde cualquier \u00e1ngulo sus terminaciones son impecables.<\/p>\n<p>Precio sujeto a cambio por personalizaci\u00f3n, medida y tapicer\u00eda<\/p>\n<h3 class=\"fusion-responsive-typography-calculated\" data-fontsize=\"18\" data-lineheight=\"27px\">TESEO series also available in<\/h3>\n<ul>\n<li>3 seater sofa<\/li>\n<li>Chaise Longue<\/li>\n<li>Manufacture in special sizes<\/li>\n<\/ul>\n<h3 class=\"fusion-responsive-typography-calculated\" data-fontsize=\"18\" data-lineheight=\"27px\">Funding<\/h3>\n<ul>\n<li>Interest-free financing up to 24 months<\/li>\n<\/ul>\n<h3>Guarantee<\/h3>\n<ul>\n<li>Rest of sofa 3 years<\/li>\n<\/ul>","protected":false},"excerpt":{"rendered":"<p>El modelo Teseo es un sof\u00e1 modular para disfrutarlo. Su l\u00ednea sencilla y moderna, con su sentada nube, proporciona una comodidad muy superior.<\/p>\n<p>tiene dos versiones de sentada: basic y premium. Permite crear m\u00faltiples composiciones para adaptarse a tu espacio. Suspensi\u00f3n de asientos de muelles premium. Asiento de 35kg de poliuretano + fibra de poli\u00e9ster desenfundable.<\/p>\n<p>Existen varias medidas de m\u00f3dulos y de puffs con las que podemos crear la composici\u00f3n que m\u00e1s se adapte a nuestras necesidades. Otra de las grandes ventajas de Teseo es que es perfecto para separar la zona del comedor de la sala de estar, desde cualquier \u00e1ngulo sus terminaciones son impecables.<\/p>\n<p>Precio sujeto a cambio por personalizaci\u00f3n, medida y tapicer\u00eda<\/p>","protected":false},"featured_media":3488,"comment_status":"closed","ping_status":"closed","template":"","meta":{"inline_featured_image":false},"product_brand":[],"product_cat":[22,34],"product_tag":[],"class_list":{"0":"post-3486","1":"product","2":"type-product","3":"status-publish","4":"has-post-thumbnail","6":"product_cat-sofas","7":"product_cat-sofas-sillones","9":"first","10":"instock","11":"sale","12":"shipping-taxable","13":"purchasable","14":"product-type-variable"},"_links":{"self":[{"href":"https:\/\/millanliving.com\/en\/wp-json\/wp\/v2\/product\/3486","targetHints":{"allow":["GET"]}}],"collection":[{"href":"https:\/\/millanliving.com\/en\/wp-json\/wp\/v2\/product"}],"about":[{"href":"https:\/\/millanliving.com\/en\/wp-json\/wp\/v2\/types\/product"}],"replies":[{"embeddable":true,"href":"https:\/\/millanliving.com\/en\/wp-json\/wp\/v2\/comments?post=3486"}],"wp:featuredmedia":[{"embeddable":true,"href":"https:\/\/millanliving.com\/en\/wp-json\/wp\/v2\/media\/3488"}],"wp:attachment":[{"href":"https:\/\/millanliving.com\/en\/wp-json\/wp\/v2\/media?parent=3486"}],"wp:term":[{"taxonomy":"product_brand","embeddable":true,"href":"https:\/\/millanliving.com\/en\/wp-json\/wp\/v2\/product_brand?post=3486"},{"taxonomy":"product_cat","embeddable":true,"href":"https:\/\/millanliving.com\/en\/wp-json\/wp\/v2\/product_cat?post=3486"},{"taxonomy":"product_tag","embeddable":true,"href":"https:\/\/millanliving.com\/en\/wp-json\/wp\/v2\/product_tag?post=3486"}],"curies":[{"name":"wp","href":"https:\/\/api.w.org\/{rel}","templated":true}]}}