{"id":3648,"date":"2026-02-09T16:49:22","date_gmt":"2026-02-09T15:49:22","guid":{"rendered":"https:\/\/millanliving.com\/?post_type=product&#038;p=3648"},"modified":"2026-02-09T17:01:45","modified_gmt":"2026-02-09T16:01:45","slug":"chaisselongue-opera","status":"publish","type":"product","link":"https:\/\/millanliving.com\/en\/chaisselongue-opera\/","title":{"rendered":"Chaiselongue \u00d3pera"},"content":{"rendered":"<p>Opera es un programa modular de generosas dimensiones con un dise\u00f1o sereno y sensual. Las distintas opciones de este modular nos permiten crear composiciones diferentes, desde el sof\u00e1 con chaisse longue de toda la vida hasta una elegante rinconera con m\u00f3dulos rectos y chaisse longue redondo.<\/p>\n<p>Adem\u00e1s podemos combinarlo con el sill\u00f3n You&amp;Me que nos ofrece una comodidad espectacular. Opera incluye gran cantidad de cojines que adem\u00e1s de darle un look majestuoso, le aportan una comodidad incre\u00edble. Habr\u00e1 que prestar especial atenci\u00f3n a las distintas opciones de patas, tanto de madera como de metal. No dejar\u00e1n a nadie indiferente.<\/p>","protected":false},"excerpt":{"rendered":"<p>Opera es un programa modular de generosas dimensiones con un dise\u00f1o sereno y sensual. Las distintas opciones de este modular nos permiten crear composiciones diferentes, desde el sof\u00e1 con chaisse longue de toda la vida hasta una elegante rinconera con m\u00f3dulos rectos y chaisse longue redondo.<\/p>\n<p>Adem\u00e1s podemos combinarlo con el sill\u00f3n You&amp;Me que nos ofrece una comodidad espectacular. Opera incluye gran cantidad de cojines que adem\u00e1s de darle un look majestuoso, le aportan una comodidad incre\u00edble. Habr\u00e1 que prestar especial atenci\u00f3n a las distintas opciones de patas, tanto de madera como de metal. No dejar\u00e1n a nadie indiferente.<\/p>","protected":false},"featured_media":3643,"comment_status":"closed","ping_status":"closed","template":"","meta":{"inline_featured_image":false},"product_brand":[],"product_cat":[54,34],"product_tag":[],"class_list":{"0":"post-3648","1":"product","2":"type-product","3":"status-publish","4":"has-post-thumbnail","6":"product_cat-chaiselonge","7":"product_cat-sofas-sillones","9":"first","10":"instock","11":"sale","12":"shipping-taxable","13":"purchasable","14":"product-type-variable"},"_links":{"self":[{"href":"https:\/\/millanliving.com\/en\/wp-json\/wp\/v2\/product\/3648","targetHints":{"allow":["GET"]}}],"collection":[{"href":"https:\/\/millanliving.com\/en\/wp-json\/wp\/v2\/product"}],"about":[{"href":"https:\/\/millanliving.com\/en\/wp-json\/wp\/v2\/types\/product"}],"replies":[{"embeddable":true,"href":"https:\/\/millanliving.com\/en\/wp-json\/wp\/v2\/comments?post=3648"}],"wp:featuredmedia":[{"embeddable":true,"href":"https:\/\/millanliving.com\/en\/wp-json\/wp\/v2\/media\/3643"}],"wp:attachment":[{"href":"https:\/\/millanliving.com\/en\/wp-json\/wp\/v2\/media?parent=3648"}],"wp:term":[{"taxonomy":"product_brand","embeddable":true,"href":"https:\/\/millanliving.com\/en\/wp-json\/wp\/v2\/product_brand?post=3648"},{"taxonomy":"product_cat","embeddable":true,"href":"https:\/\/millanliving.com\/en\/wp-json\/wp\/v2\/product_cat?post=3648"},{"taxonomy":"product_tag","embeddable":true,"href":"https:\/\/millanliving.com\/en\/wp-json\/wp\/v2\/product_tag?post=3648"}],"curies":[{"name":"wp","href":"https:\/\/api.w.org\/{rel}","templated":true}]}}