{"id":3680,"date":"2026-02-09T16:57:54","date_gmt":"2026-02-09T15:57:54","guid":{"rendered":"https:\/\/millanliving.com\/?post_type=product&#038;p=3680"},"modified":"2026-02-09T17:00:45","modified_gmt":"2026-02-09T16:00:45","slug":"chaisselongue-hector","status":"publish","type":"product","link":"https:\/\/millanliving.com\/en\/chaisselongue-hector\/","title":{"rendered":"Hector chaise longue"},"content":{"rendered":"<p>El modelo Hector es un sof\u00e1\u00a0 con un programa muy completo en el que se ofrecen 4 versiones de brazos, 2 tipos de respaldos y dos profundidades.<\/p>\n<p>Tiene dos versiones de sentada: basic y premium. Permite crear m\u00faltiples composiciones para adaptarse a tu espacio. Suspensi\u00f3n de asientos de muelles premium. Asiento de 35kg + 24 kg de poliuretano + fibra de poli\u00e9ster desenfundable.<\/p>\n<p>Existen varias medidas de m\u00f3dulos y de puffs con las que podemos crear la composici\u00f3n que m\u00e1s se adapte a nuestras necesidades.<\/p>\n<p>Precio sujeto a cambio por personalizaci\u00f3n, medida y tapicer\u00eda<\/p>\n<h3 class=\"fusion-responsive-typography-calculated\" data-fontsize=\"18\" data-lineheight=\"27px\">HECTOR series also available in<\/h3>\n<ul>\n<li>Modular sofa<\/li>\n<li>Chaise Longue<\/li>\n<li>Manufacture in special sizes<\/li>\n<\/ul>\n<h3 class=\"fusion-responsive-typography-calculated\" data-fontsize=\"18\" data-lineheight=\"27px\">Funding<\/h3>\n<ul>\n<li>Interest-free financing up to 24 months<\/li>\n<\/ul>\n<h3>Guarantee<\/h3>\n<ul>\n<li>Rest of sofa 3 years<\/li>\n<\/ul>","protected":false},"excerpt":{"rendered":"<p>El modelo Hector es un sof\u00e1\u00a0 con un programa muy completo en el que se ofrecen 4 versiones de brazos, 2 tipos de respaldos y dos profundidades.<\/p>\n<p>&nbsp;<\/p>\n<p>Tiene dos versiones de sentada: basic y premium. Permite crear m\u00faltiples composiciones para adaptarse a tu espacio. Suspensi\u00f3n de asientos de muelles premium. Asiento de 35kg + 24 kg de poliuretano + fibra de poli\u00e9ster desenfundable.<\/p>\n<p>&nbsp;<\/p>\n<p>Existen varias medidas de m\u00f3dulos y de puffs con las que podemos crear la composici\u00f3n que m\u00e1s se adapte a nuestras necesidades.<\/p>\n<p>&nbsp;<\/p>\n<p>Precio sujeto a cambio por personalizaci\u00f3n, medida y tapicer\u00eda<\/p>","protected":false},"featured_media":3522,"comment_status":"closed","ping_status":"closed","template":"","meta":{"inline_featured_image":false},"product_brand":[],"product_cat":[54,34],"product_tag":[],"class_list":{"0":"post-3680","1":"product","2":"type-product","3":"status-publish","4":"has-post-thumbnail","6":"product_cat-chaiselonge","7":"product_cat-sofas-sillones","9":"first","10":"instock","11":"sale","12":"shipping-taxable","13":"purchasable","14":"product-type-variable"},"_links":{"self":[{"href":"https:\/\/millanliving.com\/en\/wp-json\/wp\/v2\/product\/3680","targetHints":{"allow":["GET"]}}],"collection":[{"href":"https:\/\/millanliving.com\/en\/wp-json\/wp\/v2\/product"}],"about":[{"href":"https:\/\/millanliving.com\/en\/wp-json\/wp\/v2\/types\/product"}],"replies":[{"embeddable":true,"href":"https:\/\/millanliving.com\/en\/wp-json\/wp\/v2\/comments?post=3680"}],"wp:featuredmedia":[{"embeddable":true,"href":"https:\/\/millanliving.com\/en\/wp-json\/wp\/v2\/media\/3522"}],"wp:attachment":[{"href":"https:\/\/millanliving.com\/en\/wp-json\/wp\/v2\/media?parent=3680"}],"wp:term":[{"taxonomy":"product_brand","embeddable":true,"href":"https:\/\/millanliving.com\/en\/wp-json\/wp\/v2\/product_brand?post=3680"},{"taxonomy":"product_cat","embeddable":true,"href":"https:\/\/millanliving.com\/en\/wp-json\/wp\/v2\/product_cat?post=3680"},{"taxonomy":"product_tag","embeddable":true,"href":"https:\/\/millanliving.com\/en\/wp-json\/wp\/v2\/product_tag?post=3680"}],"curies":[{"name":"wp","href":"https:\/\/api.w.org\/{rel}","templated":true}]}}