{"id":3704,"date":"2026-02-09T17:50:32","date_gmt":"2026-02-09T16:50:32","guid":{"rendered":"https:\/\/millanliving.com\/?post_type=product&#038;p=3704"},"modified":"2026-02-09T18:04:52","modified_gmt":"2026-02-09T17:04:52","slug":"sofa-helsinki","status":"publish","type":"product","link":"https:\/\/millanliving.com\/en\/sofa-helsinki\/","title":{"rendered":"Helsinki Sofa"},"content":{"rendered":"<p>Helsinki es un sof\u00e1 de formas rectas con un dise\u00f1o atemporal, que fusiona modernidad con un toque de tradici\u00f3n aportado por el sill\u00f3n de grandes dimensiones y estilo elegante.<\/p>\n<p>&nbsp;<\/p>\n<p>Gracias a su dise\u00f1o ligero y a su gran comodidad, en muy poco tiempo Helsinki se ha convertido en uno de nuestros modelos m\u00e1s populares. Est\u00e1 decorado con una gran cantidad de cojines que adem\u00e1s de ser un importante elemento est\u00e9tico, permiten crear combinaciones de telas geniales y aportan al modelo una comodidad incre\u00edble.<\/p>\n<p>&nbsp;<\/p>\n<p>Dentro del modelo Helsinki, tambi\u00e9n presentamos este nuevo sof\u00e1 con mecanismo cama. Hemos conseguido mantener la gran comodidad, adem\u00e1s del dise\u00f1o elegante y ligero del sof\u00e1 Helsinki, ya que no parece un sof\u00e1 cama a simple vista. Esta nueva versi\u00f3n cama aporta un gran valor a\u00f1adido al modelo, ya que podemos alojarlo en cualquier sal\u00f3n o sala de estar y tener la opci\u00f3n de convertirlo en cama cuando lo necesitemos.<\/p>","protected":false},"excerpt":{"rendered":"<p>Helsinki es un sof\u00e1 de formas rectas con un dise\u00f1o atemporal, que fusiona modernidad con un toque de tradici\u00f3n aportado por el sill\u00f3n de grandes dimensiones y estilo elegante.<\/p>\n<p>&nbsp;<\/p>\n<p>Gracias a su dise\u00f1o ligero y a su gran comodidad, en muy poco tiempo Helsinki se ha convertido en uno de nuestros modelos m\u00e1s populares. Est\u00e1 decorado con una gran cantidad de cojines que adem\u00e1s de ser un importante elemento est\u00e9tico, permiten crear combinaciones de telas geniales y aportan al modelo una comodidad incre\u00edble.<\/p>\n<p>&nbsp;<\/p>\n<p>Dentro del modelo Helsinki, tambi\u00e9n presentamos este nuevo sof\u00e1 con mecanismo cama. Hemos conseguido mantener la gran comodidad, adem\u00e1s del dise\u00f1o elegante y ligero del sof\u00e1 Helsinki, ya que no parece un sof\u00e1 cama a simple vista. Esta nueva versi\u00f3n cama aporta un gran valor a\u00f1adido al modelo, ya que podemos alojarlo en cualquier sal\u00f3n o sala de estar y tener la opci\u00f3n de convertirlo en cama cuando lo necesitemos.<\/p>","protected":false},"featured_media":3724,"comment_status":"closed","ping_status":"closed","template":"","meta":{"inline_featured_image":false},"product_brand":[],"product_cat":[22,34],"product_tag":[],"class_list":{"0":"post-3704","1":"product","2":"type-product","3":"status-publish","4":"has-post-thumbnail","6":"product_cat-sofas","7":"product_cat-sofas-sillones","9":"first","10":"instock","11":"sale","12":"shipping-taxable","13":"purchasable","14":"product-type-variable"},"_links":{"self":[{"href":"https:\/\/millanliving.com\/en\/wp-json\/wp\/v2\/product\/3704","targetHints":{"allow":["GET"]}}],"collection":[{"href":"https:\/\/millanliving.com\/en\/wp-json\/wp\/v2\/product"}],"about":[{"href":"https:\/\/millanliving.com\/en\/wp-json\/wp\/v2\/types\/product"}],"replies":[{"embeddable":true,"href":"https:\/\/millanliving.com\/en\/wp-json\/wp\/v2\/comments?post=3704"}],"wp:featuredmedia":[{"embeddable":true,"href":"https:\/\/millanliving.com\/en\/wp-json\/wp\/v2\/media\/3724"}],"wp:attachment":[{"href":"https:\/\/millanliving.com\/en\/wp-json\/wp\/v2\/media?parent=3704"}],"wp:term":[{"taxonomy":"product_brand","embeddable":true,"href":"https:\/\/millanliving.com\/en\/wp-json\/wp\/v2\/product_brand?post=3704"},{"taxonomy":"product_cat","embeddable":true,"href":"https:\/\/millanliving.com\/en\/wp-json\/wp\/v2\/product_cat?post=3704"},{"taxonomy":"product_tag","embeddable":true,"href":"https:\/\/millanliving.com\/en\/wp-json\/wp\/v2\/product_tag?post=3704"}],"curies":[{"name":"wp","href":"https:\/\/api.w.org\/{rel}","templated":true}]}}