{"id":3764,"date":"2026-02-09T20:49:54","date_gmt":"2026-02-09T19:49:54","guid":{"rendered":"https:\/\/millanliving.com\/?post_type=product&#038;p=3764"},"modified":"2026-02-09T20:57:39","modified_gmt":"2026-02-09T19:57:39","slug":"nora-chaise-longue","status":"publish","type":"product","link":"https:\/\/millanliving.com\/en\/nora-chaise-longue\/","title":{"rendered":"Chaiselongue Nora"},"content":{"rendered":"<p>Es un modular b\u00e1sico de l\u00edneas tranquilas en el que hemos intentado conseguir un dise\u00f1o atemporal que pueda encajar en multitud de hogares, dot\u00e1ndolos de muy buena comodidad y con precios accesibles para la mayor\u00eda de familias.<\/p>\n<p>Nora ofrece cuatro tipos de brazo y dos dise\u00f1os de chaisse longue (redonda y rectangular) y dos alturas de patas.<\/p>\n<ul>\n<li>NEA seat suspension, 30 kg of polyurethane + polyester fibre<\/li>\n<li>Removable covers (backrest and cushions)<\/li>\n<li>Sliding seats at 162 cm<\/li>\n<\/ul>","protected":false},"excerpt":{"rendered":"<p>Es un modular b\u00e1sico de l\u00edneas tranquilas en el que hemos intentado conseguir un dise\u00f1o atemporal que pueda encajar en multitud de hogares, dot\u00e1ndolos de muy buena comodidad y con precios accesibles para la mayor\u00eda de familias.<\/p>\n<p>Nora ofrece cuatro tipos de brazo y dos dise\u00f1os de chaisse longue (redonda y rectangular) y dos alturas de patas.<\/p>\n<ul>\n<li>NEA seat suspension, 30 kg of polyurethane + polyester fibre<\/li>\n<li>Removable covers (backrest and cushions)<\/li>\n<li>Sliding seats at 162 cm<\/li>\n<\/ul>","protected":false},"featured_media":3781,"comment_status":"closed","ping_status":"closed","template":"","meta":{"inline_featured_image":false},"product_brand":[],"product_cat":[54,34],"product_tag":[],"class_list":{"0":"post-3764","1":"product","2":"type-product","3":"status-publish","4":"has-post-thumbnail","6":"product_cat-chaiselonge","7":"product_cat-sofas-sillones","9":"first","10":"instock","11":"sale","12":"shipping-taxable","13":"purchasable","14":"product-type-variable"},"_links":{"self":[{"href":"https:\/\/millanliving.com\/en\/wp-json\/wp\/v2\/product\/3764","targetHints":{"allow":["GET"]}}],"collection":[{"href":"https:\/\/millanliving.com\/en\/wp-json\/wp\/v2\/product"}],"about":[{"href":"https:\/\/millanliving.com\/en\/wp-json\/wp\/v2\/types\/product"}],"replies":[{"embeddable":true,"href":"https:\/\/millanliving.com\/en\/wp-json\/wp\/v2\/comments?post=3764"}],"wp:featuredmedia":[{"embeddable":true,"href":"https:\/\/millanliving.com\/en\/wp-json\/wp\/v2\/media\/3781"}],"wp:attachment":[{"href":"https:\/\/millanliving.com\/en\/wp-json\/wp\/v2\/media?parent=3764"}],"wp:term":[{"taxonomy":"product_brand","embeddable":true,"href":"https:\/\/millanliving.com\/en\/wp-json\/wp\/v2\/product_brand?post=3764"},{"taxonomy":"product_cat","embeddable":true,"href":"https:\/\/millanliving.com\/en\/wp-json\/wp\/v2\/product_cat?post=3764"},{"taxonomy":"product_tag","embeddable":true,"href":"https:\/\/millanliving.com\/en\/wp-json\/wp\/v2\/product_tag?post=3764"}],"curies":[{"name":"wp","href":"https:\/\/api.w.org\/{rel}","templated":true}]}}